{"id":53,"date":"2018-11-22T08:24:34","date_gmt":"2018-11-22T08:24:34","guid":{"rendered":"http:\/\/www.practica.tpmi.tuiasi.ro\/?page_id=53"},"modified":"2018-11-22T10:44:04","modified_gmt":"2018-11-22T10:44:04","slug":"contact","status":"publish","type":"page","link":"http:\/\/www.practica.tpmi.tuiasi.ro\/?page_id=53","title":{"rendered":"Contact"},"content":{"rendered":"<p>Universitatea Tehnic\u0103 &#8222;Gheorghe Asachi&#8221; din Ia\u0219i<br \/>\nFacultatea de Textile Piel\u0103rie \u0219i Management Industrial<br \/>\nAdresa: Str.Prof.dr.doc. Dimitrie Mangeron, Nr.29, Iasi, Romania, Cod Postal: 700050<br \/>\nTelefon: 004 0749036718<br \/>\nE-mail: practica.tpmi@tuiasi.ro<\/p>\n<p><strong><code>\n\n<div class=\"pirate_forms_wrap\">\n\t\n\t<form method=\"post\" enctype=\"application\/x-www-form-urlencoded\" class=\"pirate_forms  form_honeypot-on pirate_forms_from_widget-on wordpress-nonce-on pirate-forms-contact-name-on pirate-forms-contact-email-on pirate-forms-contact-subject-on pirate-forms-contact-message-on pirate-forms-captcha-on pirate-forms-contact-submit-on\">\n\t<div class=\"pirate-forms-fields-container\"><div class=\"pirate_forms_three_inputs_wrap\"><div class=\"col-lg-4 col-sm-4 form_field_wrap\"><input type=\"text\" id=\"pirate-forms-contact-name\" name=\"pirate-forms-contact-name\" class=\"form-control input\" placeholder=\"Nume \u0219i Prenume\" required oninvalid=\"this.setCustomValidity('Introdu numele t\u0103u')\" onchange=\"this.setCustomValidity('')\" value=\"\"><\/div><div class=\"col-lg-4 col-sm-4 form_field_wrap\"><input type=\"email\" id=\"pirate-forms-contact-email\" name=\"pirate-forms-contact-email\" class=\"form-control input\" placeholder=\"Email\" required oninvalid=\"this.setCustomValidity('Enter valid email')\" onchange=\"this.setCustomValidity('')\" value=\"\"><\/div><div class=\"col-lg-4 col-sm-4 form_field_wrap\"><input type=\"text\" id=\"pirate-forms-contact-subject\" name=\"pirate-forms-contact-subject\" class=\"form-control input\" placeholder=\"Subiect\" required oninvalid=\"this.setCustomValidity('V\u0103 rug\u0103m s\u0103 introduce\u021bi un subiect')\" onchange=\"this.setCustomValidity('')\" value=\"\"><\/div><\/div><div class=\"col-lg-12 col-sm-12 form_field_wrap\"><textarea rows=5 cols=30 id=\"pirate-forms-contact-message\" name=\"pirate-forms-contact-message\" class=\"form-control input\" placeholder=\"Mesaj\" required oninvalid=\"this.setCustomValidity('Introduce\u021bi \u00eentrebarea dvs. sau comentariul')\" onchange=\"this.setCustomValidity('')\"><\/textarea><\/div><div class=\"pirate-forms-footer\"><div class=\"col-xs-12 form_field_wrap form_captcha_wrap\"><div id=\"pirate-forms-captcha\" class=\"g-recaptcha pirate-forms-google-recaptcha\" data-sitekey=\"admin\"><\/div><\/div><div class=\"col-xs-12 form_field_wrap contact_submit_wrap\"><button type=\"submit\" id=\"pirate-forms-contact-submit\" name=\"pirate-forms-contact-submit\" class=\"btn btn-primary custom-button red-btn pirate-forms-submit-button\" placeholder=\"\" >Trimite mesajul<\/button><\/div><\/div><\/div>\n\t<div class=\"form_field_wrap hidden\" style=\"display: none\"><input type=\"text\" id=\"form_honeypot\" name=\"honeypot\" class=\"\" placeholder=\"\"  value=\"\"><\/div><input type=\"hidden\" id=\"pirate_forms_from_widget\" name=\"pirate_forms_from_widget\" class=\"\" placeholder=\"\"  value=\"0\"><input type=\"hidden\" id=\"wordpress-nonce\" name=\"wordpress-nonce\" class=\"\" placeholder=\"\"  value=\"db1b246b85\"><\/form>\t<div class=\"pirate_forms_clearfix\"><\/div>\n<\/div>\n\n<\/code><\/strong><\/p>\n<p style=\"text-align: left;\"><iframe loading=\"lazy\" src=\"https:\/\/maps.google.com\/maps?f=d&amp;source=s_d&amp;saddr=47.15375,27.595397&amp;daddr=Ia%C8%99i,+Rom%C3%A2nia&amp;hl=ro&amp;geocode=%3BCZvj7HhmfsiYFdCOzwIdhv6kASm73Tn2fPvKQDE89SZU2oDLfA&amp;sll=47.153619,27.595655&amp;sspn=0.002298,0.003484&amp;t=h&amp;mra=mift&amp;mrsp=0&amp;sz=19&amp;ie=UTF8&amp;ll=47.153619,27.595655&amp;spn=0.002298,0.003484&amp;output=embed\" width=\"425\" height=\"350\" frameborder=\"0\" marginwidth=\"0\" marginheight=\"0\" scrolling=\"no\"><\/iframe><\/p>\n<p>&nbsp;<\/p>\n","protected":false},"excerpt":{"rendered":"<p>Universitatea Tehnic\u0103 &#8222;Gheorghe Asachi&#8221; din Ia\u0219i Facultatea de Textile Piel\u0103rie \u0219i Management Industrial Adresa: Str.Prof.dr.doc. Dimitrie Mangeron, Nr.29, Iasi, Romania, Cod Postal: 700050 Telefon: 004 0749036718 E-mail: practica.tpmi@tuiasi.ro &nbsp;<\/p>\n","protected":false},"author":4,"featured_media":0,"parent":0,"menu_order":0,"comment_status":"closed","ping_status":"closed","template":"template-fullwidth.php","meta":[],"_links":{"self":[{"href":"http:\/\/www.practica.tpmi.tuiasi.ro\/index.php?rest_route=\/wp\/v2\/pages\/53"}],"collection":[{"href":"http:\/\/www.practica.tpmi.tuiasi.ro\/index.php?rest_route=\/wp\/v2\/pages"}],"about":[{"href":"http:\/\/www.practica.tpmi.tuiasi.ro\/index.php?rest_route=\/wp\/v2\/types\/page"}],"author":[{"embeddable":true,"href":"http:\/\/www.practica.tpmi.tuiasi.ro\/index.php?rest_route=\/wp\/v2\/users\/4"}],"replies":[{"embeddable":true,"href":"http:\/\/www.practica.tpmi.tuiasi.ro\/index.php?rest_route=%2Fwp%2Fv2%2Fcomments&post=53"}],"version-history":[{"count":6,"href":"http:\/\/www.practica.tpmi.tuiasi.ro\/index.php?rest_route=\/wp\/v2\/pages\/53\/revisions"}],"predecessor-version":[{"id":119,"href":"http:\/\/www.practica.tpmi.tuiasi.ro\/index.php?rest_route=\/wp\/v2\/pages\/53\/revisions\/119"}],"wp:attachment":[{"href":"http:\/\/www.practica.tpmi.tuiasi.ro\/index.php?rest_route=%2Fwp%2Fv2%2Fmedia&parent=53"}],"curies":[{"name":"wp","href":"https:\/\/api.w.org\/{rel}","templated":true}]}}