{"id":473,"date":"2020-11-12T13:22:09","date_gmt":"2020-11-12T13:22:09","guid":{"rendered":"http:\/\/www.practica.tpmi.tuiasi.ro\/?page_id=473"},"modified":"2021-02-08T13:23:57","modified_gmt":"2021-02-08T13:23:57","slug":"comunicat-de-presa-proiect-de-practica-pentru-studentii-facultatii-de-design-industrial-si-managementul-afacerilor-din-cadrul-universitatii-tehnice-gheorghe-asachi-din-iasi","status":"publish","type":"page","link":"http:\/\/www.practica.tpmi.tuiasi.ro\/?page_id=473","title":{"rendered":"Comunicat de pres\u0103 \u2013 Proiect de practic\u0103 pentru studen\u021bii Facult\u0103\u021bii de Design Industrial \u0219i Managementul Afacerilor din cadrul Universit\u0103\u021bii Tehnice \u201eGheorghe Asachi\u201d din Ia\u0219i"},"content":{"rendered":"<p><img loading=\"lazy\" class=\"aligncenter size-full wp-image-464\" src=\"http:\/\/www.practica.tpmi.tuiasi.ro\/wp-content\/uploads\/2021\/02\/sigle_practica_1.png\" alt=\"\" width=\"882\" height=\"123\" srcset=\"http:\/\/www.practica.tpmi.tuiasi.ro\/wp-content\/uploads\/2021\/02\/sigle_practica_1.png 882w, http:\/\/www.practica.tpmi.tuiasi.ro\/wp-content\/uploads\/2021\/02\/sigle_practica_1-300x42.png 300w, http:\/\/www.practica.tpmi.tuiasi.ro\/wp-content\/uploads\/2021\/02\/sigle_practica_1-768x107.png 768w\" sizes=\"(max-width: 882px) 100vw, 882px\" \/><\/p>\n<p>Universitatea Tehnic\u0103 \u201eGheorghe Asachi\u201d din Ia\u0219i prin Facultatea de Design Industrial \u0219i Managementul Afacerilor \u0219i al\u0103turi de Asocia\u021bia PROIECTELE PANDOREI \u0219i Asocia\u021bia ASTRICO NORD-EST au finalizat \u00een data de 11 noiembrie 2020 proiectul\u00a0POCU\/90\/6.13\/6.14\/108886, cu titlul<strong>\u00a0\u201ePractic\u0103 \u0219i vei fi competent!\u201d<\/strong>, \u00eenceput \u00een 12 septembrie 2018.<\/p>\n<p>Proiectul a fost cofinan\u021bat prin Programul Opera\u021bional Capital Uman 2014-2020 Axa prioritar\u0103 6 \u2013 Educa\u021bie \u0219i competen\u021be, Obiectivul tematic 10 \u2013 Efectuarea de investi\u021bii \u00een domeniul educa\u021biei, al form\u0103rii \u0219i al form\u0103rii profesionale \u00een vederea dob\u00e2ndirii de competen\u021be \u0219i a \u00eenv\u0103\u021b\u0103rii pe tot parcursul vie\u021bii, Prioritatea de investi\u021bii 10.iv \u2013 \u00cembun\u0103t\u0103\u021birea utilit\u0103\u021bii sistemelor de educa\u021bie \u0219i formare pentru pia\u021ba muncii, facilitarea trecerii de la educa\u021bie la munc\u0103 \u0219i consolidarea sistemelor de educa\u021bie \u0219i formare profesional\u0103 \u0219i a calit\u0103\u021bii lor, inclusiv prin mecanisme pentru anticiparea competen\u021belor, adaptarea programelor de \u00eenv\u0103\u021b\u0103m\u00e2nt \u0219i crearea \u0219i dezvoltarea de sisteme de \u00eenv\u0103\u021bare bazate pe munc\u0103, inclusiv sisteme de \u00eenv\u0103\u021bare duale \u0219i de ucenicie, Obiectivul specific 6.13 Cre\u0219terea num\u0103rului absolven\u021bilor de \u00eenv\u0103\u021b\u0103m\u00e2nt ter\u021biar universitar \u0219i non universitar care \u00ee\u0219i g\u0103sesc un loc de munc\u0103 urmare a accesului la activit\u0103\u021bi de \u00eenv\u0103\u021bare la un poten\u021bial loc de munc\u0103 \/ cercetare\/ inovare, cu accent pe sectoarele economice cu poten\u021bial competitiv identificate conform SNC \u015fi domeniile de specializare inteligent\u0103 conform SNCDI.<\/p>\n<p><strong>Obiectivul general<\/strong>\u00a0al proiectului a vizat dezvoltarea aptitudinilor practice pentru 220 de studen\u021bi de la domeniile Inginerie industrial\u0103 \u0219i Inginerie \u0219i management, specializ\u0103ri specifice domeniului textilelor \u0219i confec\u021biilor, prin stagii de practic\u0103 la firme de top din regiunile Nord-Est \u0219i Sud-Est, \u00een vederea integr\u0103rii cu succes pe pia\u021ba muncii, prin investi\u021bii \u00een educa\u021bia \u0219i formarea profesional\u0103 pentru dob\u00e2ndirea de competen\u021be.<\/p>\n<p><strong>Valoarea total\u0103 eligibil\u0103<\/strong>\u00a0a proiectului a fost de\u00a0<strong>1.952.932,23 lei<\/strong>, din care\u00a0<strong>1.918.116,25<\/strong>\u00a0lei a reprezentat finan\u021barea nerambursabil\u0103.<\/p>\n<p>Proiectul s-a adresat unui num\u0103rde 220 studen\u021bi \u00eenmatricula\u021bi la Facultatea de Textile \u2013 Piel\u0103rie \u0219i Management Industrial, devenit\u0103 Facultatea de Design Industrial \u0219i Managementul Afacerilor, care au beneficiat de stagii de practic\u0103 \u00eendrumate, metode moderne de \u00eenv\u0103\u021bare, burse pentru studen\u021bi din mediul rural, subven\u021bii, premii la concursurile organizate \u00een cadrul proiectului, \u0219anse mai mari de angajare.<\/p>\n<p>Informa\u021bii suplimentare: Facultatea de Design Industrial \u0219i Managementul Afacerilor<\/p>\n<p>Bld. Prof.dr.docent Dimitrie Mangeron nr.29, Ia\u0219i, 700050, tel.\/fax 0232230491,\u00a0<strong>persoan\u0103 de contact dr.ing. Liliana Buhu \u2013 director de proiect<\/strong>, e-mail:\u00a0<strong>lbuhu@tex.tuiasi.ro,<\/strong>\u00a0tel. 0749036718<strong>.<\/strong><\/p>\n<p><img loading=\"lazy\" class=\"aligncenter size-full wp-image-467\" src=\"http:\/\/www.practica.tpmi.tuiasi.ro\/wp-content\/uploads\/2021\/02\/sigle_practica_2.png\" alt=\"\" width=\"875\" height=\"123\" srcset=\"http:\/\/www.practica.tpmi.tuiasi.ro\/wp-content\/uploads\/2021\/02\/sigle_practica_2.png 875w, http:\/\/www.practica.tpmi.tuiasi.ro\/wp-content\/uploads\/2021\/02\/sigle_practica_2-300x42.png 300w, http:\/\/www.practica.tpmi.tuiasi.ro\/wp-content\/uploads\/2021\/02\/sigle_practica_2-768x108.png 768w\" sizes=\"(max-width: 875px) 100vw, 875px\" \/><\/p>\n","protected":false},"excerpt":{"rendered":"<p>Universitatea Tehnic\u0103 \u201eGheorghe Asachi\u201d din Ia\u0219i prin Facultatea de Design Industrial \u0219i Managementul Afacerilor \u0219i al\u0103turi de Asocia\u021bia PROIECTELE PANDOREI \u0219i Asocia\u021bia ASTRICO NORD-EST au finalizat \u00een data de 11 noiembrie 2020 proiectul\u00a0POCU\/90\/6.13\/6.14\/108886, cu titlul\u00a0\u201ePractic\u0103 \u0219i vei fi competent!\u201d, \u00eenceput \u00een 12 septembrie 2018. Proiectul a fost cofinan\u021bat prin Programul Opera\u021bional Capital Uman 2014-2020 Axa <a href=\"http:\/\/www.practica.tpmi.tuiasi.ro\/?page_id=473\" rel=\"nofollow\"><span class=\"sr-only\">Read more about Comunicat de pres\u0103 \u2013 Proiect de practic\u0103 pentru studen\u021bii Facult\u0103\u021bii de Design Industrial \u0219i Managementul Afacerilor din cadrul Universit\u0103\u021bii Tehnice \u201eGheorghe Asachi\u201d din Ia\u0219i<\/span>[&hellip;]<\/a><\/p>\n","protected":false},"author":4,"featured_media":0,"parent":0,"menu_order":0,"comment_status":"closed","ping_status":"closed","template":"template-fullwidth.php","meta":[],"_links":{"self":[{"href":"http:\/\/www.practica.tpmi.tuiasi.ro\/index.php?rest_route=\/wp\/v2\/pages\/473"}],"collection":[{"href":"http:\/\/www.practica.tpmi.tuiasi.ro\/index.php?rest_route=\/wp\/v2\/pages"}],"about":[{"href":"http:\/\/www.practica.tpmi.tuiasi.ro\/index.php?rest_route=\/wp\/v2\/types\/page"}],"author":[{"embeddable":true,"href":"http:\/\/www.practica.tpmi.tuiasi.ro\/index.php?rest_route=\/wp\/v2\/users\/4"}],"replies":[{"embeddable":true,"href":"http:\/\/www.practica.tpmi.tuiasi.ro\/index.php?rest_route=%2Fwp%2Fv2%2Fcomments&post=473"}],"version-history":[{"count":1,"href":"http:\/\/www.practica.tpmi.tuiasi.ro\/index.php?rest_route=\/wp\/v2\/pages\/473\/revisions"}],"predecessor-version":[{"id":476,"href":"http:\/\/www.practica.tpmi.tuiasi.ro\/index.php?rest_route=\/wp\/v2\/pages\/473\/revisions\/476"}],"wp:attachment":[{"href":"http:\/\/www.practica.tpmi.tuiasi.ro\/index.php?rest_route=%2Fwp%2Fv2%2Fmedia&parent=473"}],"curies":[{"name":"wp","href":"https:\/\/api.w.org\/{rel}","templated":true}]}}