{"id":37,"date":"2018-11-22T08:24:05","date_gmt":"2018-11-22T08:24:05","guid":{"rendered":"http:\/\/www.practica.tpmi.tuiasi.ro\/?page_id=37"},"modified":"2018-11-22T11:51:37","modified_gmt":"2018-11-22T11:51:37","slug":"obiective","status":"publish","type":"page","link":"http:\/\/www.practica.tpmi.tuiasi.ro\/?page_id=37","title":{"rendered":"Obiective"},"content":{"rendered":"<p><strong>Obiectivul general:<\/strong><br \/>\nObiectivul general al proiectului vizeaz\u0103 dezvoltarea aptitudinilor practice pentru 220 de studen\u021bi de la domeniile Inginerie industrial\u0103 \u0219i Inginerie \u0219i management, specializ\u0103ri specifice domeniului textilelor \u0219i confec\u021biilor, prin stagii de practic\u0103 la firme de top din regiunile Nord-Est \u0219i Sud-Est, \u00een vederea integr\u0103rii cu succes pe pia\u021ba muncii, prin investi\u021bii \u00een educa\u021bia \u0219i formarea profesional\u0103 pentru dob\u00e2ndirea de competen\u021be.<\/p>\n<p><strong>Obiective specifice:<\/strong><br \/>\nOb.S.1. Organizarea \u00een condi\u021bii corespunz\u0103toare a practicii pentru 220 de studen\u021bi de la 4 specializ\u0103ri acreditate din domeniul inginerie industrial\u0103 \u0219i de la o specializare din domeniul inginerie \u0219i management, conform structurii planurilor de \u00eenv\u0103\u021b\u0103m\u00e2nt.<br \/>\nOb.S.2. Construirea a minimum 15 parteneriate durabile \u00eentre universitate \u0219i agen\u021bi economici din domeniul textilelor \u0219i confec\u021biilor.<br \/>\nOb.S.3. Realizarea unei platforme on-line de \u00eenv\u0103\u021bare pentru derularea programelor de \u00eenv\u0103\u021bare la locul de munc\u0103 (completarea caietelor \u00een format e-learning, postarea lucr\u0103rilor pentru concursurile profesionale).<br \/>\nOb.S.4. Realizarea unei re\u021bele de parteneri de practic\u0103 cu impact \u00een dezvoltarea componentei practicii din oferta curricular\u0103.<\/p>\n","protected":false},"excerpt":{"rendered":"<p>Obiectivul general: Obiectivul general al proiectului vizeaz\u0103 dezvoltarea aptitudinilor practice pentru 220 de studen\u021bi de la domeniile Inginerie industrial\u0103 \u0219i Inginerie \u0219i management, specializ\u0103ri specifice domeniului textilelor \u0219i confec\u021biilor, prin stagii de practic\u0103 la firme de top din regiunile Nord-Est \u0219i Sud-Est, \u00een vederea integr\u0103rii cu succes pe pia\u021ba muncii, prin investi\u021bii \u00een educa\u021bia \u0219i <a href=\"http:\/\/www.practica.tpmi.tuiasi.ro\/?page_id=37\" rel=\"nofollow\"><span class=\"sr-only\">Read more about Obiective<\/span>[&hellip;]<\/a><\/p>\n","protected":false},"author":4,"featured_media":0,"parent":0,"menu_order":0,"comment_status":"closed","ping_status":"closed","template":"template-fullwidth.php","meta":[],"_links":{"self":[{"href":"http:\/\/www.practica.tpmi.tuiasi.ro\/index.php?rest_route=\/wp\/v2\/pages\/37"}],"collection":[{"href":"http:\/\/www.practica.tpmi.tuiasi.ro\/index.php?rest_route=\/wp\/v2\/pages"}],"about":[{"href":"http:\/\/www.practica.tpmi.tuiasi.ro\/index.php?rest_route=\/wp\/v2\/types\/page"}],"author":[{"embeddable":true,"href":"http:\/\/www.practica.tpmi.tuiasi.ro\/index.php?rest_route=\/wp\/v2\/users\/4"}],"replies":[{"embeddable":true,"href":"http:\/\/www.practica.tpmi.tuiasi.ro\/index.php?rest_route=%2Fwp%2Fv2%2Fcomments&post=37"}],"version-history":[{"count":3,"href":"http:\/\/www.practica.tpmi.tuiasi.ro\/index.php?rest_route=\/wp\/v2\/pages\/37\/revisions"}],"predecessor-version":[{"id":187,"href":"http:\/\/www.practica.tpmi.tuiasi.ro\/index.php?rest_route=\/wp\/v2\/pages\/37\/revisions\/187"}],"wp:attachment":[{"href":"http:\/\/www.practica.tpmi.tuiasi.ro\/index.php?rest_route=%2Fwp%2Fv2%2Fmedia&parent=37"}],"curies":[{"name":"wp","href":"https:\/\/api.w.org\/{rel}","templated":true}]}}