{"id":29,"date":"2018-11-22T08:23:53","date_gmt":"2018-11-22T08:23:53","guid":{"rendered":"http:\/\/www.practica.tpmi.tuiasi.ro\/?page_id=29"},"modified":"2018-11-22T11:52:32","modified_gmt":"2018-11-22T11:52:32","slug":"prezentare-proiect","status":"publish","type":"page","link":"http:\/\/www.practica.tpmi.tuiasi.ro\/?page_id=29","title":{"rendered":"Prezentare proiect"},"content":{"rendered":"<p>Universitatea Tehnic\u0103 \u201eGheorghe Asachi\u201d din Ia\u0219i prin Facultatea de Textile \u2013 Piel\u0103rie \u0219i Management Industrial \u0219i al\u0103turi de Asocia\u021bia PROIECTELE PANDOREI \u0219i Asocia\u021bia ASTRICO NORD-EST a demarat \u00een data de 12 septembrie 2018 proiectul\u00a0<strong>\u201ePractic\u0103 \u0219i vei fi competent!\u201d\u00a0<\/strong>contract POCU\/90\/6.13\/6.14\/108886, cu finalizare \u00een 11 septembrie 2020.<\/p>\n<p>Proiectul este cofinan\u021bat prin Programul Opera\u021bional Capital Uman 2014-2020 Axa prioritar\u0103 6 \u2013 Educa\u021bie \u0219i competen\u021be, Obiectivul tematic 10 \u2013 Efectuarea de investi\u021bii \u00een domeniul educa\u021biei, al form\u0103rii \u0219i al form\u0103rii profesionale \u00een vederea dob\u00e2ndirii de competen\u021be \u0219i a \u00eenv\u0103\u021b\u0103rii pe tot parcursul vie\u021bii, Prioritatea de investi\u021bii 10.iv \u2013 \u00cembun\u0103t\u0103\u021birea utilit\u0103\u021bii sistemelor de educa\u021bie \u0219i formare pentru pia\u021ba muncii, facilitarea trecerii de la educa\u021bie la munc\u0103 \u0219i consolidarea sistemelor de educa\u021bie \u0219i formare profesional\u0103 \u0219i a calit\u0103\u021bii lor, inclusiv prin mecanisme pentru anticiparea competen\u021belor, adaptarea programelor de \u00eenv\u0103\u021b\u0103m\u00e2nt \u0219i crearea \u0219i dezvoltarea de sisteme de \u00eenv\u0103\u021bare bazate pe munc\u0103, inclusiv sisteme de \u00eenv\u0103\u021bare duale \u0219i de ucenicie, Obiectivul specific 6.13 Cre\u0219terea num\u0103rului absolven\u021bilor de \u00eenv\u0103\u021b\u0103m\u00e2nt ter\u021biar universitar \u0219i non universitar care \u00ee\u0219i g\u0103sesc un loc de munc\u0103 urmare a accesului la activit\u0103\u021bi de \u00eenv\u0103\u021bare la un poten\u021bial loc de munc\u0103 \/ cercetare\/ inovare, cu accent pe sectoarele economice cu poten\u021bial competitiv identificate conform SNC \u015fi domeniile de specializare inteligent\u0103 conform SNCDI.<\/p>\n<p><strong>Valoarea total\u0103 eligibil\u0103<\/strong> a proiectului este de\u00a0<strong>1.952.932,23 lei<\/strong>, din care <strong>1.918.116,25<\/strong> lei reprezint\u0103 finan\u021bare nerambursabil\u0103.<\/p>\n<p>Proiectul se adreseaz\u0103 unui num\u0103r de 220 studen\u021bi \u00eenmatricula\u021bi la Facultatea de Textile \u2013 Piel\u0103rie \u0219i Management Industrial, care vor beneficia de stagii de practic\u0103 \u00eendrumate, desf\u0103\u0219urate at\u00e2t \u00een laboratoarele tehnologice ale facult\u0103\u021bii, c\u00e2t \u0219i \u00een firme de prestigiu din domeniu, metode moderne de \u00eenv\u0103\u021bare, burse pentru studen\u021bi din mediul rural, subven\u021bii, premii la concursurile organizate \u00een cadrul proiectului, \u0219anse mai mari de angajare<\/p>\n","protected":false},"excerpt":{"rendered":"<p>Universitatea Tehnic\u0103 \u201eGheorghe Asachi\u201d din Ia\u0219i prin Facultatea de Textile \u2013 Piel\u0103rie \u0219i Management Industrial \u0219i al\u0103turi de Asocia\u021bia PROIECTELE PANDOREI \u0219i Asocia\u021bia ASTRICO NORD-EST a demarat \u00een data de 12 septembrie 2018 proiectul\u00a0\u201ePractic\u0103 \u0219i vei fi competent!\u201d\u00a0contract POCU\/90\/6.13\/6.14\/108886, cu finalizare \u00een 11 septembrie 2020. Proiectul este cofinan\u021bat prin Programul Opera\u021bional Capital Uman 2014-2020 Axa <a href=\"http:\/\/www.practica.tpmi.tuiasi.ro\/?page_id=29\" rel=\"nofollow\"><span class=\"sr-only\">Read more about Prezentare proiect<\/span>[&hellip;]<\/a><\/p>\n","protected":false},"author":4,"featured_media":0,"parent":0,"menu_order":0,"comment_status":"closed","ping_status":"closed","template":"template-fullwidth.php","meta":[],"_links":{"self":[{"href":"http:\/\/www.practica.tpmi.tuiasi.ro\/index.php?rest_route=\/wp\/v2\/pages\/29"}],"collection":[{"href":"http:\/\/www.practica.tpmi.tuiasi.ro\/index.php?rest_route=\/wp\/v2\/pages"}],"about":[{"href":"http:\/\/www.practica.tpmi.tuiasi.ro\/index.php?rest_route=\/wp\/v2\/types\/page"}],"author":[{"embeddable":true,"href":"http:\/\/www.practica.tpmi.tuiasi.ro\/index.php?rest_route=\/wp\/v2\/users\/4"}],"replies":[{"embeddable":true,"href":"http:\/\/www.practica.tpmi.tuiasi.ro\/index.php?rest_route=%2Fwp%2Fv2%2Fcomments&post=29"}],"version-history":[{"count":2,"href":"http:\/\/www.practica.tpmi.tuiasi.ro\/index.php?rest_route=\/wp\/v2\/pages\/29\/revisions"}],"predecessor-version":[{"id":167,"href":"http:\/\/www.practica.tpmi.tuiasi.ro\/index.php?rest_route=\/wp\/v2\/pages\/29\/revisions\/167"}],"wp:attachment":[{"href":"http:\/\/www.practica.tpmi.tuiasi.ro\/index.php?rest_route=%2Fwp%2Fv2%2Fmedia&parent=29"}],"curies":[{"name":"wp","href":"https:\/\/api.w.org\/{rel}","templated":true}]}}