{"id":14,"date":"2018-10-31T09:11:42","date_gmt":"2018-10-31T09:11:42","guid":{"rendered":"http:\/\/www.practica.tpmi.tuiasi.ro\/?page_id=14"},"modified":"2018-10-31T09:11:42","modified_gmt":"2018-10-31T09:11:42","slug":"prima-pagina","status":"publish","type":"page","link":"http:\/\/www.practica.tpmi.tuiasi.ro\/","title":{"rendered":"Prima pagin\u0103"},"content":{"rendered":"<p>Bine ai venit pe situl t\u0103u! Aceasta e prima ta pagin\u0103, ce va fi v\u0103zut\u0103 de cei mai mul\u021bi vizitatori care vin pe situl t\u0103u pentru prima dat\u0103.<\/p>\n","protected":false},"excerpt":{"rendered":"<p>Bine ai venit pe situl t\u0103u! Aceasta e prima ta pagin\u0103, ce va fi v\u0103zut\u0103 de cei mai mul\u021bi vizitatori care vin pe situl t\u0103u pentru prima dat\u0103.<\/p>\n","protected":false},"author":4,"featured_media":0,"parent":0,"menu_order":0,"comment_status":"closed","ping_status":"closed","template":"","meta":[],"_links":{"self":[{"href":"http:\/\/www.practica.tpmi.tuiasi.ro\/index.php?rest_route=\/wp\/v2\/pages\/14"}],"collection":[{"href":"http:\/\/www.practica.tpmi.tuiasi.ro\/index.php?rest_route=\/wp\/v2\/pages"}],"about":[{"href":"http:\/\/www.practica.tpmi.tuiasi.ro\/index.php?rest_route=\/wp\/v2\/types\/page"}],"author":[{"embeddable":true,"href":"http:\/\/www.practica.tpmi.tuiasi.ro\/index.php?rest_route=\/wp\/v2\/users\/4"}],"replies":[{"embeddable":true,"href":"http:\/\/www.practica.tpmi.tuiasi.ro\/index.php?rest_route=%2Fwp%2Fv2%2Fcomments&post=14"}],"version-history":[{"count":1,"href":"http:\/\/www.practica.tpmi.tuiasi.ro\/index.php?rest_route=\/wp\/v2\/pages\/14\/revisions"}],"predecessor-version":[{"id":20,"href":"http:\/\/www.practica.tpmi.tuiasi.ro\/index.php?rest_route=\/wp\/v2\/pages\/14\/revisions\/20"}],"wp:attachment":[{"href":"http:\/\/www.practica.tpmi.tuiasi.ro\/index.php?rest_route=%2Fwp%2Fv2%2Fmedia&parent=14"}],"curies":[{"name":"wp","href":"https:\/\/api.w.org\/{rel}","templated":true}]}}